{"id":650,"date":"2017-12-12T19:25:27","date_gmt":"2017-12-12T19:25:27","guid":{"rendered":"http:\/\/www.july-bridal.de\/?page_id=650"},"modified":"2017-12-23T13:26:18","modified_gmt":"2017-12-23T13:26:18","slug":"archiv","status":"publish","type":"page","link":"https:\/\/www.july-bridal.de\/?page_id=650","title":{"rendered":"Archiv"},"content":{"rendered":"\n\n<div class=\"su-posts su-posts-default-loop \">\n\n\t\n\t\t\t\t\t\n\t\t\t\n\t\t\t<div id=\"su-post-693\" class=\"su-post \">\n\n\t\t\t\t\t\t\t\t\t<a class=\"su-post-thumbnail\" href=\"https:\/\/www.july-bridal.de\/?p=693\"><img loading=\"lazy\" decoding=\"async\" width=\"370\" height=\"247\" src=\"https:\/\/www.july-bridal.de\/wp-content\/uploads\/2017\/12\/Daniela_Titelbild_v2-370x247.jpg\" class=\"attachment-post-thumbnail size-post-thumbnail wp-post-image\" alt=\"\" srcset=\"https:\/\/www.july-bridal.de\/wp-content\/uploads\/2017\/12\/Daniela_Titelbild_v2-370x247.jpg 370w, https:\/\/www.july-bridal.de\/wp-content\/uploads\/2017\/12\/Daniela_Titelbild_v2-770x513.jpg 770w\" sizes=\"auto, (max-width: 370px) 100vw, 370px\" \/><\/a>\n\t\t\t\t\n\t\t\t\t<h2 class=\"su-post-title\"><a href=\"https:\/\/www.july-bridal.de\/?p=693\">LookBook<\/a><\/h2>\n\n\t\t\t\t<div class=\"su-post-meta\">\n\t\t\t\t\tVer\u00f6ffentlicht: Dezember 17, 2017\t\t\t\t<\/div>\n\n\t\t\t\t<div class=\"su-post-excerpt\">\n\t\t\t\t\t<p>Ob schlicht, elegant oder modern, wir haben das passende Brautkleid f\u00fcr Ihren gro\u00dfen Tag. Wir freuen uns auf Ihren Besuch.<\/p>\n\t\t\t\t<\/div>\n\n\t\t\t\t\t\t\t\t\t<a href=\"https:\/\/www.july-bridal.de\/?p=693#respond\" class=\"su-post-comments-link\">0 Kommentare<\/a>\n\t\t\t\t\n\t\t\t<\/div>\n\n\t\t\t\t\t\n\t\t\t\n\t\t\t<div id=\"su-post-456\" class=\"su-post \">\n\n\t\t\t\t\t\t\t\t\t<a class=\"su-post-thumbnail\" href=\"https:\/\/www.july-bridal.de\/?p=456\"><img loading=\"lazy\" decoding=\"async\" width=\"370\" height=\"247\" src=\"https:\/\/www.july-bridal.de\/wp-content\/uploads\/2017\/12\/Rabatt_20prozent-370x247.jpg\" class=\"attachment-post-thumbnail size-post-thumbnail wp-post-image\" alt=\"\" srcset=\"https:\/\/www.july-bridal.de\/wp-content\/uploads\/2017\/12\/Rabatt_20prozent-370x247.jpg 370w, https:\/\/www.july-bridal.de\/wp-content\/uploads\/2017\/12\/Rabatt_20prozent-300x200.jpg 300w, https:\/\/www.july-bridal.de\/wp-content\/uploads\/2017\/12\/Rabatt_20prozent-768x512.jpg 768w, https:\/\/www.july-bridal.de\/wp-content\/uploads\/2017\/12\/Rabatt_20prozent-1024x683.jpg 1024w, https:\/\/www.july-bridal.de\/wp-content\/uploads\/2017\/12\/Rabatt_20prozent-770x513.jpg 770w\" sizes=\"auto, (max-width: 370px) 100vw, 370px\" \/><\/a>\n\t\t\t\t\n\t\t\t\t<h2 class=\"su-post-title\"><a href=\"https:\/\/www.july-bridal.de\/?p=456\">Schenk&#8216; dir was!<\/a><\/h2>\n\n\t\t\t\t<div class=\"su-post-meta\">\n\t\t\t\t\tVer\u00f6ffentlicht: November 16, 2017\t\t\t\t<\/div>\n\n\t\t\t\t<div class=\"su-post-excerpt\">\n\t\t\t\t\t<p>Neuer\u00f6ffnungsaktion 20% Rabatt auf alle Brautkleider!! Angebot gilt f\u00fcr jedes gekauftes Kleid bis zum 31.04.2018.<\/p>\n\t\t\t\t<\/div>\n\n\t\t\t\t\t\t\t\t\t<a href=\"https:\/\/www.july-bridal.de\/?p=456#respond\" class=\"su-post-comments-link\">0 Kommentare<\/a>\n\t\t\t\t\n\t\t\t<\/div>\n\n\t\t\t\t\t\n\t\t\t\n\t\t\t<div id=\"su-post-1\" class=\"su-post \">\n\n\t\t\t\t\t\t\t\t\t<a class=\"su-post-thumbnail\" href=\"https:\/\/www.july-bridal.de\/?p=1\"><img loading=\"lazy\" decoding=\"async\" width=\"370\" height=\"247\" src=\"https:\/\/www.july-bridal.de\/wp-content\/uploads\/2017\/11\/p1-107-AT1_6544-370x247.jpg\" class=\"attachment-post-thumbnail size-post-thumbnail wp-post-image\" alt=\"\" srcset=\"https:\/\/www.july-bridal.de\/wp-content\/uploads\/2017\/11\/p1-107-AT1_6544-370x247.jpg 370w, https:\/\/www.july-bridal.de\/wp-content\/uploads\/2017\/11\/p1-107-AT1_6544-770x513.jpg 770w\" sizes=\"auto, (max-width: 370px) 100vw, 370px\" \/><\/a>\n\t\t\t\t\n\t\t\t\t<h2 class=\"su-post-title\"><a href=\"https:\/\/www.july-bridal.de\/?p=1\">An dich, die zuk\u00fcnftige Braut!!<\/a><\/h2>\n\n\t\t\t\t<div class=\"su-post-meta\">\n\t\t\t\t\tVer\u00f6ffentlicht: Mai 10, 2016\t\t\t\t<\/div>\n\n\t\t\t\t<div class=\"su-post-excerpt\">\n\t\t\t\t\t<p>Liebe Braut, Es ist ein so unendlich gro\u00dfes Gl\u00fcck die Liebe gefunden zu haben. Ein noch gr\u00f6\u00dferes Wunder ist es, den Menschen zu finden, mit&#8230;<\/p>\n\t\t\t\t<\/div>\n\n\t\t\t\t\t\t\t\t\t<a href=\"https:\/\/www.july-bridal.de\/?p=1#respond\" class=\"su-post-comments-link\">0 Kommentare<\/a>\n\t\t\t\t\n\t\t\t<\/div>\n\n\t\t\n\t\n<\/div>\n\n","protected":false},"excerpt":{"rendered":"","protected":false},"author":1,"featured_media":0,"parent":0,"menu_order":0,"comment_status":"closed","ping_status":"closed","template":"","meta":{"footnotes":""},"class_list":["post-650","page","type-page","status-publish","hentry","yosemite-has-thumbnail"],"_links":{"self":[{"href":"https:\/\/www.july-bridal.de\/index.php?rest_route=\/wp\/v2\/pages\/650","targetHints":{"allow":["GET"]}}],"collection":[{"href":"https:\/\/www.july-bridal.de\/index.php?rest_route=\/wp\/v2\/pages"}],"about":[{"href":"https:\/\/www.july-bridal.de\/index.php?rest_route=\/wp\/v2\/types\/page"}],"author":[{"embeddable":true,"href":"https:\/\/www.july-bridal.de\/index.php?rest_route=\/wp\/v2\/users\/1"}],"replies":[{"embeddable":true,"href":"https:\/\/www.july-bridal.de\/index.php?rest_route=%2Fwp%2Fv2%2Fcomments&post=650"}],"version-history":[{"count":9,"href":"https:\/\/www.july-bridal.de\/index.php?rest_route=\/wp\/v2\/pages\/650\/revisions"}],"predecessor-version":[{"id":654,"href":"https:\/\/www.july-bridal.de\/index.php?rest_route=\/wp\/v2\/pages\/650\/revisions\/654"}],"wp:attachment":[{"href":"https:\/\/www.july-bridal.de\/index.php?rest_route=%2Fwp%2Fv2%2Fmedia&parent=650"}],"curies":[{"name":"wp","href":"https:\/\/api.w.org\/{rel}","templated":true}]}}